{"id":359,"date":"2025-08-05T12:57:12","date_gmt":"2025-08-05T12:57:12","guid":{"rendered":"https:\/\/www.sandravanseters.com\/energiesessies\/"},"modified":"2025-08-09T08:11:13","modified_gmt":"2025-08-09T08:11:13","slug":"energiesessies","status":"publish","type":"page","link":"https:\/\/www.sandravanseters.com\/nl\/energiesessies\/","title":{"rendered":"Energiesessies"},"content":{"rendered":"\t\t<div data-elementor-type=\"wp-page\" data-elementor-id=\"359\" class=\"elementor elementor-359 elementor-164\" data-elementor-post-type=\"page\">\n\t\t\t\t<div class=\"elementor-element elementor-element-5b4177c9 e-con-full e-flex e-con e-parent\" data-id=\"5b4177c9\" data-element_type=\"container\" data-e-type=\"container\">\n\t\t<div class=\"elementor-element elementor-element-5b865676 e-flex e-con-boxed e-con e-child\" data-id=\"5b865676\" data-element_type=\"container\" data-e-type=\"container\" data-settings=\"{&quot;background_background&quot;:&quot;classic&quot;}\">\n\t\t\t\t\t<div class=\"e-con-inner\">\n\t\t<div class=\"elementor-element elementor-element-6f9f2527 animated-fast e-flex e-con-boxed elementor-invisible e-con e-child\" data-id=\"6f9f2527\" data-element_type=\"container\" data-e-type=\"container\" data-settings=\"{&quot;animation&quot;:&quot;fadeIn&quot;,&quot;animation_delay&quot;:0}\">\n\t\t\t\t\t<div class=\"e-con-inner\">\n\t\t<div class=\"elementor-element elementor-element-e276117 e-con-full e-flex e-con e-child\" data-id=\"e276117\" data-element_type=\"container\" data-e-type=\"container\">\n\t\t\t\t<div class=\"elementor-element elementor-element-3f2492d5 elementor-widget elementor-widget-heading\" data-id=\"3f2492d5\" data-element_type=\"widget\" data-e-type=\"widget\" data-widget_type=\"heading.default\">\n\t\t\t\t\t<p class=\"elementor-heading-title elementor-size-default\">voel, laat los, maak opnieuw verbinding<\/p>\t\t\t\t<\/div>\n\t\t\t\t<div class=\"elementor-element elementor-element-de44b9b elementor-widget elementor-widget-heading\" data-id=\"de44b9b\" data-element_type=\"widget\" data-e-type=\"widget\" data-widget_type=\"heading.default\">\n\t\t\t\t\t<p class=\"elementor-heading-title elementor-size-default\">Energiesessies<\/p>\t\t\t\t<\/div>\n\t\t\t\t<\/div>\n\t\t\t\t\t<\/div>\n\t\t\t\t<\/div>\n\t\t\t\t\t<\/div>\n\t\t\t\t<\/div>\n\t\t\t\t<\/div>\n\t\t<div class=\"elementor-element elementor-element-fa93703 e-flex e-con-boxed e-con e-parent\" data-id=\"fa93703\" data-element_type=\"container\" data-e-type=\"container\" data-settings=\"{&quot;background_background&quot;:&quot;gradient&quot;}\">\n\t\t\t\t\t<div class=\"e-con-inner\">\n\t\t<div class=\"elementor-element elementor-element-f018124 e-grid e-con-boxed e-con e-child\" data-id=\"f018124\" data-element_type=\"container\" data-e-type=\"container\">\n\t\t\t\t\t<div class=\"e-con-inner\">\n\t\t<div class=\"elementor-element elementor-element-b78f83e animated-fast e-flex e-con-boxed elementor-invisible e-con e-child\" data-id=\"b78f83e\" data-element_type=\"container\" data-e-type=\"container\" data-settings=\"{&quot;animation&quot;:&quot;fadeIn&quot;,&quot;animation_delay&quot;:0}\">\n\t\t\t\t\t<div class=\"e-con-inner\">\n\t\t<div class=\"elementor-element elementor-element-2362b83 e-con-full e-flex e-con e-child\" data-id=\"2362b83\" data-element_type=\"container\" data-e-type=\"container\">\n\t\t\t\t<div class=\"elementor-element elementor-element-63c229e elementor-widget elementor-widget-heading\" data-id=\"63c229e\" data-element_type=\"widget\" data-e-type=\"widget\" data-widget_type=\"heading.default\">\n\t\t\t\t\t<p class=\"elementor-heading-title elementor-size-default\">verwijder de ruis. Keer terug naar helderheid.<\/p>\t\t\t\t<\/div>\n\t\t\t\t<div class=\"elementor-element elementor-element-dfd0913 elementor-widget elementor-widget-heading\" data-id=\"dfd0913\" data-element_type=\"widget\" data-e-type=\"widget\" data-widget_type=\"heading.default\">\n\t\t\t\t\t<h2 class=\"elementor-heading-title elementor-size-default\">Energetisch werk voor belichaamde transformatie<\/h2>\t\t\t\t<\/div>\n\t\t\t\t<div class=\"elementor-element elementor-element-6a9fb7a elementor-widget-tablet__width-inherit elementor-widget elementor-widget-text-editor\" data-id=\"6a9fb7a\" data-element_type=\"widget\" data-e-type=\"widget\" data-widget_type=\"text-editor.default\">\n\t\t\t\t\t\t\t\t\t<p>Wanneer je vastloopt in patronen en je situaties herkent omdat ze steeds terugkomen&#8230; Je emoties je beperken en ook weer terugkomen&#8230; Of je relaties die zich (niet) op dezelfde manier ontwikkelen&#8230; Wanneer je niet voelt dat je groeit in je werk of bedrijf&#8230;<\/p><p>Totdat er een shift in energie plaatsvindt, kan het verleden zich blijven herhalen.<br>Gelukkig heb je de kracht om de balans te herstellen, je weer te verbinden met je essentie en je omstandigheden opnieuw te cre\u00ebren. Door de energetische oorzaak aan te pakken, verandert het patroon en daarmee je realiteit.<\/p><p>Na zo&#8217;n diepe duik kun je bevrijding voelen van vastgeroeste patronen, meer vervulling ervaren in je leven, je verbinding met je ziel verdiepen, meer ruimte maken voor je unieke gaven, een grotere impact maken in de wereld en succesvoller worden.<\/p><p>Online sessie<br>Omdat het soms niet mogelijk is om een afspraak in de praktijk te maken, kunnen we ook een online sessie inplannen. Ik weet hoe fijn het is om een (energetisch) duwtje te krijgen, je gesteund te voelen, gezien te worden, er helemaal te mogen zijn&#8230; en ik doe niets liever dan jou hierin te ondersteunen.<\/p><p>Je kunt zo&#8217;n afspraak zien als een energetische reinigingssessie waarin je kunt inbrengen wat je blokkeert. We ruimen de oorzaak op zodat je lichter kunt leven.<\/p><p>We bestaan allemaal uit energie en daarom is het mogelijk om op afstand met elkaar in contact te zijn. We zijn niet gescheiden, we zijn allemaal verbonden door energie en onze energie kan zich door tijd en ruimte bewegen.<\/p>\t\t\t\t\t\t\t\t<\/div>\n\t\t\t\t<div class=\"elementor-element elementor-element-e002277 elementor-button-info elementor-align-center elementor-widget elementor-widget-button\" data-id=\"e002277\" data-element_type=\"widget\" data-e-type=\"widget\" data-widget_type=\"button.default\">\n\t\t\t\t\t\t\t\t\t\t<a class=\"elementor-button elementor-button-link elementor-size-sm\" href=\"https:\/\/wa.me\/31637434683\" target=\"_blank\" rel=\"noopener\">\n\t\t\t\t\t\t<span class=\"elementor-button-content-wrapper\">\n\t\t\t\t\t\t\t\t\t<span class=\"elementor-button-text\">Let's talk<\/span>\n\t\t\t\t\t<\/span>\n\t\t\t\t\t<\/a>\n\t\t\t\t\t\t\t\t<\/div>\n\t\t\t\t<div class=\"elementor-element elementor-element-1030aa9 elementor-icon-list--layout-traditional elementor-list-item-link-full_width elementor-widget elementor-widget-icon-list\" data-id=\"1030aa9\" data-element_type=\"widget\" data-e-type=\"widget\" data-widget_type=\"icon-list.default\">\n\t\t\t\t\t\t\t<ul class=\"elementor-icon-list-items\">\n\t\t\t\t\t\t\t<li class=\"elementor-icon-list-item\">\n\t\t\t\t\t\t\t\t\t\t\t<span class=\"elementor-icon-list-icon\">\n\t\t\t\t\t\t\t<svg aria-hidden=\"true\" class=\"e-font-icon-svg e-fas-heart\" viewBox=\"0 0 512 512\" xmlns=\"http:\/\/www.w3.org\/2000\/svg\"><path d=\"M462.3 62.6C407.5 15.9 326 24.3 275.7 76.2L256 96.5l-19.7-20.3C186.1 24.3 104.5 15.9 49.7 62.6c-62.8 53.6-66.1 149.8-9.9 207.9l193.5 199.8c12.5 12.9 32.8 12.9 45.3 0l193.5-199.8c56.3-58.1 53-154.3-9.8-207.9z\"><\/path><\/svg>\t\t\t\t\t\t<\/span>\n\t\t\t\t\t\t\t\t\t\t<span class=\"elementor-icon-list-text\">Wanneer we besluiten samen te werken, is de investering voor een energiesessie\/reading (90 min) \u20ac198,- incl. BTW<\/span>\n\t\t\t\t\t\t\t\t\t<\/li>\n\t\t\t\t\t\t<\/ul>\n\t\t\t\t\t\t<\/div>\n\t\t\t\t<div class=\"elementor-element elementor-element-90464d4 elementor-widget-tablet__width-inherit elementor-widget elementor-widget-text-editor\" data-id=\"90464d4\" data-element_type=\"widget\" data-e-type=\"widget\" data-widget_type=\"text-editor.default\">\n\t\t\t\t\t\t\t\t\t<p>Je krijgt een intensieve \u00e9\u00e9n-op-\u00e9\u00e9n sessie<br>\u2013 in de praktijk of op afstand via telefoon of ZOOM.<\/p><p>We werken samen aan jouw specifieke thema&#8217;s en wensen.<br>\u200b<br>Ik begeleid je bij het doorbreken van oude en belemmerende patronen en blokkades.<br>\u200b<br>Je kunt contact maken met je ware zelf, waar je innerlijke kennis en antwoorden liggen.<br>\u200bHoe zou het zijn om je mooiste, lichtste en meest authentieke leven te leiden?<br>\u200b<br>In deze verbinding worden onbewuste delen bewust, kunnen niet-authentieke delen worden losgelaten en ontstaat er ruimte voor wat je bent en verlangt.<\/p>\t\t\t\t\t\t\t\t<\/div>\n\t\t\t\t<\/div>\n\t\t\t\t\t<\/div>\n\t\t\t\t<\/div>\n\t\t<div class=\"elementor-element elementor-element-666176c e-con-full e-flex e-con e-child\" data-id=\"666176c\" data-element_type=\"container\" data-e-type=\"container\" data-settings=\"{&quot;background_background&quot;:&quot;classic&quot;}\">\n\t\t\t\t<\/div>\n\t\t\t\t\t<\/div>\n\t\t\t\t<\/div>\n\t\t\t\t\t<\/div>\n\t\t\t\t<\/div>\n\t\t<div class=\"elementor-element elementor-element-fb5349f e-flex e-con-boxed e-con e-parent\" data-id=\"fb5349f\" data-element_type=\"container\" data-e-type=\"container\">\n\t\t\t\t\t<div class=\"e-con-inner\">\n\t\t\t\t\t<\/div>\n\t\t\t\t<\/div>\n\t\t\t\t<\/div>\n\t\t","protected":false},"excerpt":{"rendered":"<p>voel, laat los, maak opnieuw verbinding verwijder de ruis. Keer terug naar helderheid. Energetisch werk voor belichaamde transformatie Wanneer je vastloopt in patronen en je situaties herkent omdat ze steeds terugkomen&#8230; Je emoties je beperken en ook weer terugkomen&#8230; Of je relaties die zich (niet) op dezelfde manier ontwikkelen&#8230; Wanneer je niet voelt dat je [&hellip;]<\/p>\n","protected":false},"author":1,"featured_media":0,"parent":0,"menu_order":0,"comment_status":"closed","ping_status":"closed","template":"","meta":{"footnotes":""},"class_list":["post-359","page","type-page","status-publish","hentry"],"_links":{"self":[{"href":"https:\/\/www.sandravanseters.com\/nl\/wp-json\/wp\/v2\/pages\/359","targetHints":{"allow":["GET"]}}],"collection":[{"href":"https:\/\/www.sandravanseters.com\/nl\/wp-json\/wp\/v2\/pages"}],"about":[{"href":"https:\/\/www.sandravanseters.com\/nl\/wp-json\/wp\/v2\/types\/page"}],"author":[{"embeddable":true,"href":"https:\/\/www.sandravanseters.com\/nl\/wp-json\/wp\/v2\/users\/1"}],"replies":[{"embeddable":true,"href":"https:\/\/www.sandravanseters.com\/nl\/wp-json\/wp\/v2\/comments?post=359"}],"version-history":[{"count":1,"href":"https:\/\/www.sandravanseters.com\/nl\/wp-json\/wp\/v2\/pages\/359\/revisions"}],"predecessor-version":[{"id":360,"href":"https:\/\/www.sandravanseters.com\/nl\/wp-json\/wp\/v2\/pages\/359\/revisions\/360"}],"wp:attachment":[{"href":"https:\/\/www.sandravanseters.com\/nl\/wp-json\/wp\/v2\/media?parent=359"}],"curies":[{"name":"wp","href":"https:\/\/api.w.org\/{rel}","templated":true}]}}